{"id":8,"date":"2015-03-19T17:25:31","date_gmt":"2015-03-19T16:25:31","guid":{"rendered":"http:\/\/www.tobias-eglseder.de\/erni\/?page_id=8"},"modified":"2026-01-06T20:10:28","modified_gmt":"2026-01-06T19:10:28","slug":"aktuelles","status":"publish","type":"page","link":"https:\/\/www.erni-brendtner.de\/?page_id=8","title":{"rendered":"Aktuelles 2026 und div. Highlights"},"content":{"rendered":"\n<table id=\"tablepress-6\" class=\"tablepress tablepress-id-6\">\n<tbody class=\"row-striping row-hover\">\n<tr class=\"row-1\">\n\t<td class=\"column-1\">27.03. - 24.04.2026 <br \/>\nEinladung zur Vernissage und zur Ausstellung <br \/>\n<br \/>\n<a href=\"http:\/\/www.erni-brendtner.de\/wp-content\/uploads\/2026\/02\/EinladungVernissage-Erni-002.pdf\">EinladungVernissage-Erni <\/a<\/td><td class=\"column-2\">Einzelausstellung im Rathaus Neu\u00f6tting \/ Lichthof <br \/>\n<br \/>\nVernissage am Freitag, 27.03.2026 um 18.00 Uhr<\/td>\n<\/tr>\n<tr class=\"row-2\">\n\t<td class=\"column-1\"><br \/>\n<br \/>\nVideobeitrag und Interview des RFO Rosenheim von der Vernissage am 13.10.2025 im Rathaus Alt\u00f6tting <br \/>\nAusstellung \"Von Vorbildern und Visionen\" Erni Brendtner und Silke von Clarmann<br \/>\n<br \/>\nDie Ausstellung wurde verl\u00e4ngert und kann noch bis zum 7. Januar 2026 besichtigt werden!<\/td><td class=\"column-2\"><iframe loading=\"lazy\" width=\"300\" height=\"220\" src=\"https:\/\/www.youtube.com\/embed\/B89IOXF4epo?si=yxpziQ1u2QRxsHnC\" title=\"YouTube video player=\"0\" frameborder=\"0\" allow=\"accelerometer; autoplay; clipboard-write; encrypted-media; gyroscope; picture-in-picture; web-share\" referrerpolicy=\"strict-origin-when-cross-origin\" allowfullscreen><\/iframe><br \/>\n<br \/>\n<\/td>\n<\/tr>\n<tr class=\"row-3\">\n\t<td class=\"column-1\"><br \/>\n06.06. - 10.07.2025<br \/>\n<br \/>\n<a href=\"http:\/\/www.erni-brendtner.de\/wp-content\/uploads\/2025\/06\/FlyerKuenstlergildeFreilassing.pdf\">FlyerKu\u0308nstlergildeFreilassing<\/a><br \/>\n<\/td><td class=\"column-2\"><br \/>\nAusstellung mit der K\u00fcnstlergilde Freilassing in Tittmoning im Pr\u00e4latenstock auf der Burg  - BEST Of<br \/>\n<br \/>\nVernissage 06.06.2025    um 19.00 Uhr <br \/>\n<br \/>\n<a href=\"https:\/\/www.rfo.de\/mediathek\/video\/kunstausstellung-in-der-burg-tittmoning\/\" target=\"_blank\">Videobeitrag des RFO Rosenheim vom 16.06.2025<\/a><\/td>\n<\/tr>\n<tr class=\"row-4\">\n\t<td class=\"column-1\">15.05. - 04.06.2025<br \/>\n<br \/>\n<a href=\"http:\/\/www.erni-brendtner.de\/wp-content\/uploads\/2025\/04\/km25_EinladungDL_f51_DRUCK_1250.pdf\">km25_EinladungDL_f51_DRUCK_1250<\/a><br \/>\n<br \/>\n<a href=\"http:\/\/www.erni-brendtner.de\/wp-content\/uploads\/2025\/04\/IMG_6265-Bearbeitet.jpg\"><img loading=\"lazy\" decoding=\"async\" src=\"http:\/\/www.erni-brendtner.de\/wp-content\/uploads\/2025\/04\/IMG_6265-Bearbeitet-150x150.jpg\" alt=\"\" width=\"150\" height=\"150\" class=\"alignnone size-thumbnail wp-image-5644\" srcset=\"https:\/\/www.erni-brendtner.de\/wp-content\/uploads\/2025\/04\/IMG_6265-Bearbeitet-150x150.jpg 150w, https:\/\/www.erni-brendtner.de\/wp-content\/uploads\/2025\/04\/IMG_6265-Bearbeitet-432x432.jpg 432w, https:\/\/www.erni-brendtner.de\/wp-content\/uploads\/2025\/04\/IMG_6265-Bearbeitet-268x268.jpg 268w\" sizes=\"auto, (max-width: 150px) 100vw, 150px\" \/><\/a><\/td><td class=\"column-2\">Kunstmeile Trostberg '25<br \/>\n<br \/>\nVernissage am 15.05.2025 um 18.00 Uhr im Postsaal Trostberg <br \/>\n<br \/>\nFinissage am 04.06.2025 um 18.00 Uhr im Atrium Trostberg<br \/>\n<br \/>\nIch freue mich sehr, bei der gr\u00f6\u00dften Kunstschau  S\u00fcd-Ost-Bayerns mit ca. 100 Teilnehmern, mit meinen 4 Elemente Bildern teilzunehmen.<br \/>\n<br \/>\n<a href=\"https:\/\/www.rfo.de\/mediathek\/video\/trostberg-laedt-zur-kunstmeile-2025\/\" target=\"_blank\">Videobeitrag des RFO Rosenheim vom 21.05.2025<\/a><\/td>\n<\/tr>\n<tr class=\"row-5\">\n\t<td class=\"column-1\"><br \/>\n<br \/>\n21.3. - 06.04.2025<br \/>\n<br \/>\nEINLADUNG<br \/>\n<a href=\"http:\/\/www.erni-brendtner.de\/wp-content\/uploads\/2025\/03\/Ausstellung.Gilde_.Freilassing.T-RAUM.jpg\"><img loading=\"lazy\" decoding=\"async\" src=\"http:\/\/www.erni-brendtner.de\/wp-content\/uploads\/2025\/03\/Ausstellung.Gilde_.Freilassing.T-RAUM-150x150.jpg\" alt=\"\" width=\"150\" height=\"150\" class=\"alignnone size-thumbnail wp-image-5609\" srcset=\"https:\/\/www.erni-brendtner.de\/wp-content\/uploads\/2025\/03\/Ausstellung.Gilde_.Freilassing.T-RAUM-150x150.jpg 150w, https:\/\/www.erni-brendtner.de\/wp-content\/uploads\/2025\/03\/Ausstellung.Gilde_.Freilassing.T-RAUM-432x432.jpg 432w, https:\/\/www.erni-brendtner.de\/wp-content\/uploads\/2025\/03\/Ausstellung.Gilde_.Freilassing.T-RAUM-268x268.jpg 268w\" sizes=\"auto, (max-width: 150px) 100vw, 150px\" \/><\/a><br \/>\n<br \/>\nVernissage am 21.03.2025<br \/>\num 19.00 Uhr<\/td><td class=\"column-2\"><br \/>\n<br \/>\nK\u00fcnstlergilde Freilassing - Jahresausstellung in der Stadtgalerie in Freilassing<br \/>\nMein Enkel Anton hat dieses Haus gebaut. Die Bemalung au\u00dfen ist von mir.<br \/>\n<br \/>\n<a href=\"http:\/\/www.erni-brendtner.de\/wp-content\/uploads\/2025\/04\/IMG_6008-Bearbeitet.jpg\"><img loading=\"lazy\" decoding=\"async\" src=\"http:\/\/www.erni-brendtner.de\/wp-content\/uploads\/2025\/04\/IMG_6008-Bearbeitet-150x150.jpg\" alt=\"\" width=\"150\" height=\"150\" class=\"alignnone size-thumbnail wp-image-5663\" srcset=\"https:\/\/www.erni-brendtner.de\/wp-content\/uploads\/2025\/04\/IMG_6008-Bearbeitet-150x150.jpg 150w, https:\/\/www.erni-brendtner.de\/wp-content\/uploads\/2025\/04\/IMG_6008-Bearbeitet-432x432.jpg 432w, https:\/\/www.erni-brendtner.de\/wp-content\/uploads\/2025\/04\/IMG_6008-Bearbeitet-268x268.jpg 268w\" sizes=\"auto, (max-width: 150px) 100vw, 150px\" \/><\/a><br \/>\n<a href=\"http:\/\/www.erni-brendtner.de\/wp-content\/uploads\/2025\/04\/Text.T-RAUM-HAUS.pdf\"><br \/>\nText.T-RAUM HAUS<\/a><br \/>\n<br \/>\n<a href=\"https:\/\/www.rfo.de\/mediathek\/video\/ausstellung-der-freilassinger-kuenstlergilde\/\" target=\"_blank\">Videobeitrag des RFO Rosenheim vom 26.03.2025<\/a><\/td>\n<\/tr>\n<tr class=\"row-6\">\n\t<td class=\"column-1\"><br \/>\n<br \/>\n<br \/>\nBesuch eines freien Mitarbeiters<br \/>\ndes Regionalfernsehen Oberbayern<br \/>\nim Corona-Sommer 2020 in meinem Atelier<br \/>\n<br \/>\n<br \/>\n<br \/>\nAtelier \u00fcber den D\u00e4chern der Stadt<\/td><td class=\"column-2\"><code><iframe loading=\"lazy\" width=\"300\" height=\"220\" src=\"https:\/\/www.youtube.com\/embed\/sprnv8pdK3Q?rel=0\" frameborder=\"0\" allow=\"accelerometer; autoplay; clipboard-write; encrypted-media; gyroscope; picture-in-picture\" allowfullscreen><\/iframe><\/code><\/td>\n<\/tr>\n<\/tbody>\n<\/table>\n<!-- #tablepress-6 from cache -->\n\n\n<p><\/p>\n","protected":false},"excerpt":{"rendered":"","protected":false},"author":1,"featured_media":0,"parent":0,"menu_order":3,"comment_status":"closed","ping_status":"closed","template":"","meta":{"ngg_post_thumbnail":0,"footnotes":""},"class_list":["post-8","page","type-page","status-publish","hentry","column","twocol"],"_links":{"self":[{"href":"https:\/\/www.erni-brendtner.de\/index.php?rest_route=\/wp\/v2\/pages\/8","targetHints":{"allow":["GET"]}}],"collection":[{"href":"https:\/\/www.erni-brendtner.de\/index.php?rest_route=\/wp\/v2\/pages"}],"about":[{"href":"https:\/\/www.erni-brendtner.de\/index.php?rest_route=\/wp\/v2\/types\/page"}],"author":[{"embeddable":true,"href":"https:\/\/www.erni-brendtner.de\/index.php?rest_route=\/wp\/v2\/users\/1"}],"replies":[{"embeddable":true,"href":"https:\/\/www.erni-brendtner.de\/index.php?rest_route=%2Fwp%2Fv2%2Fcomments&post=8"}],"version-history":[{"count":32,"href":"https:\/\/www.erni-brendtner.de\/index.php?rest_route=\/wp\/v2\/pages\/8\/revisions"}],"predecessor-version":[{"id":5943,"href":"https:\/\/www.erni-brendtner.de\/index.php?rest_route=\/wp\/v2\/pages\/8\/revisions\/5943"}],"wp:attachment":[{"href":"https:\/\/www.erni-brendtner.de\/index.php?rest_route=%2Fwp%2Fv2%2Fmedia&parent=8"}],"curies":[{"name":"wp","href":"https:\/\/api.w.org\/{rel}","templated":true}]}}