{"id":6,"date":"2015-03-19T17:25:46","date_gmt":"2015-03-19T16:25:46","guid":{"rendered":"http:\/\/www.tobias-eglseder.de\/erni\/?page_id=6"},"modified":"2015-03-24T10:49:14","modified_gmt":"2015-03-24T09:49:14","slug":"vita","status":"publish","type":"page","link":"https:\/\/www.erni-brendtner.de\/?page_id=6","title":{"rendered":"Vita"},"content":{"rendered":"\n<table id=\"tablepress-4\" class=\"tablepress tablepress-id-4\">\n<tbody class=\"row-striping\">\n<tr class=\"row-1\">\n\t<td class=\"column-1\"><\/td><td class=\"column-2\">geboren in Rabenden \/ Landkreis Traunstein<\/td>\n<\/tr>\n<tr class=\"row-2\">\n\t<td class=\"column-1\"><\/td><td class=\"column-2\">aufgewachsen in Alt\u00f6tting<\/td>\n<\/tr>\n<tr class=\"row-3\">\n\t<td class=\"column-1\"><\/td><td class=\"column-2\">lebt seit 1974 in Burghausen \/ Oberbayern<\/td>\n<\/tr>\n<tr class=\"row-4\">\n\t<td class=\"column-1\">seit 1980<\/td><td class=\"column-2\">vielf\u00e4ltige kreative Besch\u00e4ftigung mit Ton und Keramik, Zeichnung und<br \/>\nMalerei auf Papier, Seide, Holz und Glas, angeregt durch Kurse und Workshops <\/td>\n<\/tr>\n<tr class=\"row-5\">\n\t<td class=\"column-1\">1986<\/td><td class=\"column-2\">Ausbildung zur Musiklehrerin an elektronischen Tasteninstrumenten an der        <br \/>\nTechnics Musikschule in Hilden und 20-j\u00e4hrige Berufsaus\u00fcbung an der privaten Musikschule von Bernd Gabel in Burghausen<br \/>\n<a href=\"https:\/\/www.bernds-musikteam.de\/\">Bernd Gabel Musikteam Burghausen<\/a><\/td>\n<\/tr>\n<tr class=\"row-6\">\n\t<td class=\"column-1\">seit 1996<\/td><td class=\"column-2\">k\u00fcnstlerische Weiterbildung im Bereich Grafik, Aquarell- und Acrylmalerei bei namhaften K\u00fcnstlern in Deutschland und \u00d6sterreich<\/td>\n<\/tr>\n<tr class=\"row-7\">\n\t<td class=\"column-1\">seit 2004<\/td><td class=\"column-2\">Mitglied der K\u00fcnstlergruppe Primavera in Burghausen<\/td>\n<\/tr>\n<tr class=\"row-8\">\n\t<td class=\"column-1\">2006 - 2009<\/td><td class=\"column-2\">3- j\u00e4hriges Kunststudium \"Bildnerische Gestaltung - Malerei und Grafik\"<br \/>\n Leonardo Kunstakademie Salzburg bei Prof. H. Baier<br \/>\n<a href=\"https:\/\/www.leonardo-kunstakademie.at\/\" rel=\"noopener noreferrer\" target=\"_blank\">Leonardo Kunstakademie Salzburg<\/a><\/td>\n<\/tr>\n<tr class=\"row-9\">\n\t<td class=\"column-1\">2009<\/td><td class=\"column-2\">Meisterklasse - Leonardo Kunstakademie Salzburg bei Prof. H. Baier<\/td>\n<\/tr>\n<tr class=\"row-10\">\n\t<td class=\"column-1\">ab 2009<\/td><td class=\"column-2\">Sommerakademie bei Prof. Markus L\u00fcpertz - Freie Malerei,  Studien der abstrakten und informellen Malerei bei Prof. Siegfried Karrer, Ralph Gelbert, Peter Tomschiczek, Robert Zielasco, Luise Kloos, Hubert Scheibl und Bernd Zimmer,   Studienwochen 2019, 2020 und 2023 mit den 4 K\u00fcnstler-Dozenten von Prof. Markus L\u00fcpertz (Reinhold Braun, Fritz Dickgie\u00dfer, Arnim Th\u00f6lke, Leander Kresse)  sowie Peter Casagrande  an der Kunstakademie Bad Reichenhall und der Akademie der Bildenden K\u00fcnste Kolbermoor <br \/>\n<a href=\"https:\/\/www.kunstakademie-reichenhall.de\/\" rel=\"noopener noreferrer\" target=\"_blank\">Kunstakademie Bad Reichenhall<\/a><br \/>\n<a href=\"https:\/\/www.adbk-kolbermoor.de\/\" rel=\"noopener noreferrer\" target=\"_blank\">Akademie der Bildenden K\u00fcnste Kolbermoor<\/a><\/td>\n<\/tr>\n<tr class=\"row-11\">\n\t<td class=\"column-1\">seit 2010<\/td><td class=\"column-2\">Mitglied im Kunstverein Alt\u00f6tting<br \/>\n<a href=\"http:\/\/www.kunstverein-altoetting.de\/\" rel=\"noopener noreferrer\" target=\"_blank\">Kunstverein Alt\u00f6tting<\/a><br \/>\n<\/td>\n<\/tr>\n<tr class=\"row-12\">\n\t<td class=\"column-1\">seit 2014<\/td><td class=\"column-2\">Mitglied der K\u00fcnstlergilde Freilassing<br \/>\n<a href=\"https:\/\/www.kuenstlergilde-freilassing.de\/\" rel=\"noopener noreferrer\" target=\"_blank\">K\u00fcnstlergilde Freilassing<\/a><\/td>\n<\/tr>\n<tr class=\"row-13\">\n\t<td class=\"column-1\"><\/td><td class=\"column-2\">\u00fcber 120 Gruppen- und Einzelausstellungen in Galerien und Museen sowie \u00f6ffentlichen R\u00e4umen und Firmen,  in Deutschland, \u00d6sterreich und Italien (z.B. Burghausen, Alt\u00f6tting, Neu\u00f6tting, M\u00fchldorf, Tittmoning, Deggendorf, Aidenbach, Passau, Traunstein, Trostberg, Freilassing, Bad Reichenhall, Ludwigshafen, N\u00fcrnberg, M\u00fcnchen, Neubeuern, Mattsee, Hallein, Udine)<br \/>\nTeilnahme an der Trostberger Kunstmeile 2019, 2021 und 2025<br \/>\n<a href=\"https:\/\/kreativ-inn-salzach.de\/branche\/kunst\/\" rel=\"noopener noreferrer\" target=\"_blank\">Kultur- und Kreativwirtschaft-Inn-Salzach<\/a><\/td>\n<\/tr>\n<\/tbody>\n<\/table>\n<!-- #tablepress-4 from cache -->\n","protected":false},"excerpt":{"rendered":"","protected":false},"author":1,"featured_media":0,"parent":0,"menu_order":2,"comment_status":"closed","ping_status":"closed","template":"","meta":{"ngg_post_thumbnail":0,"footnotes":""},"class_list":["post-6","page","type-page","status-publish","hentry","column","twocol"],"_links":{"self":[{"href":"https:\/\/www.erni-brendtner.de\/index.php?rest_route=\/wp\/v2\/pages\/6","targetHints":{"allow":["GET"]}}],"collection":[{"href":"https:\/\/www.erni-brendtner.de\/index.php?rest_route=\/wp\/v2\/pages"}],"about":[{"href":"https:\/\/www.erni-brendtner.de\/index.php?rest_route=\/wp\/v2\/types\/page"}],"author":[{"embeddable":true,"href":"https:\/\/www.erni-brendtner.de\/index.php?rest_route=\/wp\/v2\/users\/1"}],"replies":[{"embeddable":true,"href":"https:\/\/www.erni-brendtner.de\/index.php?rest_route=%2Fwp%2Fv2%2Fcomments&post=6"}],"version-history":[{"count":2,"href":"https:\/\/www.erni-brendtner.de\/index.php?rest_route=\/wp\/v2\/pages\/6\/revisions"}],"predecessor-version":[{"id":692,"href":"https:\/\/www.erni-brendtner.de\/index.php?rest_route=\/wp\/v2\/pages\/6\/revisions\/692"}],"wp:attachment":[{"href":"https:\/\/www.erni-brendtner.de\/index.php?rest_route=%2Fwp%2Fv2%2Fmedia&parent=6"}],"curies":[{"name":"wp","href":"https:\/\/api.w.org\/{rel}","templated":true}]}}