{"id":4,"date":"2015-03-19T17:24:34","date_gmt":"2015-03-19T16:24:34","guid":{"rendered":"http:\/\/www.tobias-eglseder.de\/erni\/?page_id=4"},"modified":"2021-03-14T14:07:20","modified_gmt":"2021-03-14T13:07:20","slug":"malerei","status":"publish","type":"page","link":"https:\/\/www.erni-brendtner.de\/?page_id=4","title":{"rendered":"Meine Malerei"},"content":{"rendered":"<p>\u201eDas Malen ist ein donnernder Zusammensto\u00df verschiedener Welten. Jedes Werk entsteht technisch so wie der Kosmos entstand: durch Katastrophen, die aus dem chaotischen Gebr\u00fcll der Instrumente zum Schluss eine Symphonie bilden, die Sph\u00e4renmusik hei\u00dft\u201c, schreibt Wassily Kandinsky.<\/p>\n<p>Auch der Malerei von Erni Brendtner liegt ein Prozess zwischen Chaos und Sch\u00f6pfung zugrunde, wenn sie sich zwischen den Polen Gef\u00fchl und Vernunft bewegt. Sie tr\u00e4gt Farbschichten und Texturen mit einer mehr oder weniger spontanen Gestik im Spannungsfeld zwischen Formfindung und Formaufl\u00f6sung auf und arbeitet geschickt Versatzst\u00fccke von Wirklichkeit in ihre abstrakten Bilder ein.&nbsp; (Kunsthistorikerin H. Amann)<\/p>\n<p>Ich lasse mich inspirieren von Begegnungen mit Menschen, finde anregende Momente in der Natur und Landschaft, werde beeinflusst von Musik und Literatur und sch\u00f6pfe aus der Erinnerung meiner vielen Reisen.<\/p>\n<p>Meine Kunst entsteht im Spannungsfeld zwischen Abstraktion und Gegenst\u00e4ndlichkeit bis hin zur gegenstandslosen Farbkomposition. Malen ist f\u00fcr mich ein kreativer Prozess, in dem sich meine Gedanken, Ideen, Erlebnisse, Erfahrungen und Gef\u00fchle in transformativen Gestaltungsschritten nach und nach expressiv, abstrakt auf dem Malgrund entwickeln. Fast spielerisch kombiniere und erfinde ich dabei mittels Farbe, Form&nbsp;und Struktur neue Welten und beziehe er<span style=\"font-size: inherit;\">lebte Momente aus der Vergangenheit i<\/span><span style=\"font-size: inherit;\">n der Erinnerung <\/span><span style=\"font-size: inherit;\">gestalterisch mit ein. Die bildnerische Idee wird dabei immer wieder aus dem Prozess heraus hinterfragt und neu bestimmt. Die k\u00fcnstlerische Haltung dazu habe ich in der lyrischen Abstraktion der informellen Malerei gefunden.<\/span><\/p>\n<p style=\"text-align: justify;\">Ich m\u00f6chte nicht die sichtbare Welt wiedergeben, sondern Stimmung und Charakter der Dinge sichtbar machen. Meine Werke zeigen imagin\u00e4re R\u00e4ume auf, die oft geheimnisvoll und undurchsichtig bleiben, aber f\u00fcr den aufmerksamen Betrachter f\u00fchl- und erlebbar werden. Sie ber\u00fchren das Unterbewusstsein und geben Raum zur eigenen Interpretation!<\/p>\n<p style=\"text-align: justify;\">Viele meiner Bilder entstehen in einer Mischtechnik. Wahlweise werden Acryl-, \u00d6l- und Aquarellfarben oder Pigmente in mehreren Schichten aufgetragen und oft hinterlassen Linienfiguren und Schriftzeichen mit Pastell-, \u00d6l- oder Graphitstiften Spuren auf der Leinwand bzw. dem Papier. Meine Freude am Experimentieren spiegelt sich in der Anwendung der unterschiedlichsten Materialien und Techniken wieder: z.B. Kohle, Holzbeize, Schellack, Bitumen, Asche, Sand, Strukturpaste, Kasein, Binder, Tusche, Eitempera, Feinschichtlasuren und Collagen.<\/p>\n<p style=\"text-align: justify;\">&#8222;Die Kunst ist eine Harmonie parallel zur Natur&#8220; (Paul C\u00e9zanne)<\/p>\n","protected":false},"excerpt":{"rendered":"<p>\u201eDas Malen ist ein donnernder Zusammensto\u00df verschiedener Welten. Jedes Werk entsteht technisch so wie der Kosmos entstand: durch Katastrophen, die aus dem chaotischen Gebr\u00fcll der Instrumente zum Schluss eine Symphonie bilden, die Sph\u00e4renmusik hei\u00dft\u201c, schreibt Wassily Kandinsky. Auch der Malerei von Erni Brendtner liegt ein Prozess zwischen Chaos und Sch\u00f6pfung &#8230;<\/p>\n","protected":false},"author":1,"featured_media":0,"parent":0,"menu_order":1,"comment_status":"closed","ping_status":"closed","template":"","meta":{"ngg_post_thumbnail":0,"footnotes":""},"class_list":["post-4","page","type-page","status-publish","hentry","column","twocol"],"_links":{"self":[{"href":"https:\/\/www.erni-brendtner.de\/index.php?rest_route=\/wp\/v2\/pages\/4","targetHints":{"allow":["GET"]}}],"collection":[{"href":"https:\/\/www.erni-brendtner.de\/index.php?rest_route=\/wp\/v2\/pages"}],"about":[{"href":"https:\/\/www.erni-brendtner.de\/index.php?rest_route=\/wp\/v2\/types\/page"}],"author":[{"embeddable":true,"href":"https:\/\/www.erni-brendtner.de\/index.php?rest_route=\/wp\/v2\/users\/1"}],"replies":[{"embeddable":true,"href":"https:\/\/www.erni-brendtner.de\/index.php?rest_route=%2Fwp%2Fv2%2Fcomments&post=4"}],"version-history":[{"count":58,"href":"https:\/\/www.erni-brendtner.de\/index.php?rest_route=\/wp\/v2\/pages\/4\/revisions"}],"predecessor-version":[{"id":4520,"href":"https:\/\/www.erni-brendtner.de\/index.php?rest_route=\/wp\/v2\/pages\/4\/revisions\/4520"}],"wp:attachment":[{"href":"https:\/\/www.erni-brendtner.de\/index.php?rest_route=%2Fwp%2Fv2%2Fmedia&parent=4"}],"curies":[{"name":"wp","href":"https:\/\/api.w.org\/{rel}","templated":true}]}}