{"id":10,"date":"2015-03-19T17:24:44","date_gmt":"2015-03-19T16:24:44","guid":{"rendered":"http:\/\/www.tobias-eglseder.de\/erni\/?page_id=10"},"modified":"2023-07-07T11:03:39","modified_gmt":"2023-07-07T09:03:39","slug":"kontakt","status":"publish","type":"page","link":"https:\/\/www.erni-brendtner.de\/?page_id=10","title":{"rendered":"Kontakt"},"content":{"rendered":"\n<table id=\"tablepress-7\" class=\"tablepress tablepress-id-7\">\n<tbody class=\"row-striping row-hover\">\n<tr class=\"row-1\">\n\t<td class=\"column-1\"><a href=\"http:\/\/www.erni-brendtner.de\/wp-content\/uploads\/2018\/05\/Erni.Vita_.neu_.jpg\"><img loading=\"lazy\" decoding=\"async\" src=\"http:\/\/www.erni-brendtner.de\/wp-content\/uploads\/2018\/05\/Erni.Vita_.neu_-300x234.jpg\" alt=\"\" width=\"300\" height=\"234\" class=\"alignnone size-medium wp-image-1980\" srcset=\"https:\/\/www.erni-brendtner.de\/wp-content\/uploads\/2018\/05\/Erni.Vita_.neu_-300x234.jpg 300w, https:\/\/www.erni-brendtner.de\/wp-content\/uploads\/2018\/05\/Erni.Vita_.neu_-768x599.jpg 768w, https:\/\/www.erni-brendtner.de\/wp-content\/uploads\/2018\/05\/Erni.Vita_.neu_-1024x799.jpg 1024w, https:\/\/www.erni-brendtner.de\/wp-content\/uploads\/2018\/05\/Erni.Vita_.neu_-700x546.jpg 700w, https:\/\/www.erni-brendtner.de\/wp-content\/uploads\/2018\/05\/Erni.Vita_.neu_-332x259.jpg 332w, https:\/\/www.erni-brendtner.de\/wp-content\/uploads\/2018\/05\/Erni.Vita_.neu_.jpg 1264w\" sizes=\"auto, (max-width: 300px) 100vw, 300px\" \/><\/a><\/td><td class=\"column-2\">Ich freue mich sehr \u00fcber Ihr Interesse an meiner Homepage.<br \/>\nF\u00fcr Anfragen und Anregungen stehe ich Ihnen \u00fcber meine email-Adresse gerne zur Verf\u00fcgung.<br \/>\n<br \/>\nErni Brendtner<br \/>\nRobert-Koch-Stra\u00dfe 9<br \/>\n84489 Burghausen<br \/>\ninfo@erni-brendtner.de<\/td>\n<\/tr>\n<\/tbody>\n<\/table>\n<!-- #tablepress-7 from cache -->\n","protected":false},"excerpt":{"rendered":"","protected":false},"author":1,"featured_media":0,"parent":0,"menu_order":6,"comment_status":"closed","ping_status":"closed","template":"","meta":{"ngg_post_thumbnail":0,"footnotes":""},"class_list":["post-10","page","type-page","status-publish","hentry","column","twocol"],"_links":{"self":[{"href":"https:\/\/www.erni-brendtner.de\/index.php?rest_route=\/wp\/v2\/pages\/10","targetHints":{"allow":["GET"]}}],"collection":[{"href":"https:\/\/www.erni-brendtner.de\/index.php?rest_route=\/wp\/v2\/pages"}],"about":[{"href":"https:\/\/www.erni-brendtner.de\/index.php?rest_route=\/wp\/v2\/types\/page"}],"author":[{"embeddable":true,"href":"https:\/\/www.erni-brendtner.de\/index.php?rest_route=\/wp\/v2\/users\/1"}],"replies":[{"embeddable":true,"href":"https:\/\/www.erni-brendtner.de\/index.php?rest_route=%2Fwp%2Fv2%2Fcomments&post=10"}],"version-history":[{"count":7,"href":"https:\/\/www.erni-brendtner.de\/index.php?rest_route=\/wp\/v2\/pages\/10\/revisions"}],"predecessor-version":[{"id":739,"href":"https:\/\/www.erni-brendtner.de\/index.php?rest_route=\/wp\/v2\/pages\/10\/revisions\/739"}],"wp:attachment":[{"href":"https:\/\/www.erni-brendtner.de\/index.php?rest_route=%2Fwp%2Fv2%2Fmedia&parent=10"}],"curies":[{"name":"wp","href":"https:\/\/api.w.org\/{rel}","templated":true}]}}